{"id":32,"date":"2019-05-10T14:41:34","date_gmt":"2019-05-10T14:41:34","guid":{"rendered":"http:\/\/fortuna-physiotherapie.de\/?page_id=32"},"modified":"2019-09-06T13:44:47","modified_gmt":"2019-09-06T13:44:47","slug":"home","status":"publish","type":"page","link":"https:\/\/fortuna-physiotherapie.de\/","title":{"rendered":"Vorwort"},"content":{"rendered":"\n<p style=\"text-align:center\"><strong><em>Bei uns stehen Sie als Mensch im Mittelpunkt<\/em><\/strong><\/p>\n\n\n\n<p><strong>Ganzheitlichkeit<\/strong>&nbsp;ist unsere Philosophie der\nPhysiotherapie. Wenn sich Physiotherapie lediglich auf akute Heilung\nbeschr\u00e4nkt, w\u00e4re die Therapie meist nur kurzzeitig von Erfolg gekr\u00f6nt. Denn\neine medizinische Behandlung ist nur dann l\u00e4ngerfristig erfolgreich, wenn nicht\nnur Symptome, sondern auch deren&nbsp;<strong>Ursachen<\/strong>&nbsp;gefunden und gezielt\nbehandelt werden. Wir sch\u00f6pfen aus einem gro\u00dfen Fundus aus&nbsp;<strong>unterschiedlichen&nbsp;Therapieformen<\/strong>&nbsp;der\nPhysiotherapie wie&nbsp;Krankengymnastik,&nbsp;Krankengymnastik\nnach Bobath, Manuelle Lymphdrainage (MLD), BIG Therapie und viele mehr&nbsp;und\nbegleiten Ihren&nbsp;<strong>individuellen Therapieverlauf<\/strong>&nbsp;mit gr\u00f6\u00dfter\nSorgfalt.<\/p>\n\n\n\n<p><strong>Unser Ziel ist die langfristige Verbesserung Ihrer Gesundheit!<\/strong><\/p>\n\n\n\n<p>Wir sind f\u00fcr Sie da, so lange wie Sie es brauchen und w\u00fcnschen. Das&nbsp;Ziel unser&nbsp;phy\u00adsio\u00adthe\u00adra\u00adpeu\u00adtischen&nbsp;Behandlung ist eine&nbsp;<strong>langfristige<\/strong>&nbsp;<strong>Verbesserung<\/strong>&nbsp;Ihrer Gesundheit. Gerade in der Physiotherapie ist es essenziell, im Zuge der therapeutischen Arbeit&nbsp;<strong>Wirkungszusammenh\u00e4nge<\/strong>&nbsp;zu erkennen, um unsere Patienten individuell und bestm\u00f6glich zu behandeln, um langfristig sicherzustellen, dass die Beschwerden behoben sind.<\/p>\n\n\n\n<p><strong>Wir nehmen uns Zeit w\u00e4hrend der Termine in unserer\nPhysiotherapie und im Notfall auch au\u00dferhalb der Sprechstunde.<\/strong><\/p>\n\n\n\n<p>Wir nehmen uns Zeit f\u00fcr Sie nach terminlicher Vereinbarung sowie au\u00dferhalb unserer \u00fcblichen Sprechzeiten<\/p>\n\n\n\n<p style=\"text-align:center\">Ihre<em> Fortuna Physiotherapie Praxis<\/em><\/p>\n","protected":false},"excerpt":{"rendered":"<p>Bei uns stehen Sie als Mensch im Mittelpunkt Ganzheitlichkeit&nbsp;ist unsere Philosophie der Physiotherapie. Wenn sich Physiotherapie lediglich auf akute Heilung beschr\u00e4nkt, w\u00e4re die Therapie meist nur kurzzeitig von Erfolg gekr\u00f6nt. Denn eine medizinische Behandlung ist nur dann l\u00e4ngerfristig erfolgreich, wenn nicht nur Symptome, sondern auch deren&nbsp;Ursachen&nbsp;gefunden und gezielt behandelt werden. Wir sch\u00f6pfen aus einem gro\u00dfen &hellip; <\/p>\n<p class=\"link-more\"><a href=\"https:\/\/fortuna-physiotherapie.de\/\" class=\"more-link\"><span class=\"screen-reader-text\">\u201eVorwort\u201c<\/span> weiterlesen<\/a><\/p>\n","protected":false},"author":1,"featured_media":0,"parent":0,"menu_order":0,"comment_status":"closed","ping_status":"closed","template":"","meta":{"footnotes":""},"class_list":["post-32","page","type-page","status-publish","hentry"],"yoast_head":"<!-- This site is optimized with the Yoast SEO plugin v17.9 - https:\/\/yoast.com\/wordpress\/plugins\/seo\/ -->\n<title>Vorwort<\/title>\n<meta name=\"description\" content=\"Physiotherapie Praxis Berlin Steglitz\" \/>\n<meta name=\"robots\" content=\"noindex, follow\" \/>\n<meta property=\"og:locale\" content=\"de_DE\" \/>\n<meta property=\"og:type\" content=\"article\" \/>\n<meta property=\"og:title\" content=\"Vorwort\" \/>\n<meta property=\"og:description\" content=\"Physiotherapie Praxis Berlin Steglitz\" \/>\n<meta property=\"og:url\" content=\"http:\/\/fortuna-physiotherapie.de\/\" \/>\n<meta property=\"og:site_name\" content=\"Fortuna Physiotherapie\" \/>\n<meta property=\"article:modified_time\" content=\"2019-09-06T13:44:47+00:00\" \/>\n<meta name=\"twitter:card\" content=\"summary_large_image\" \/>\n<meta name=\"twitter:label1\" content=\"Gesch\u00e4tzte Lesezeit\" \/>\n\t<meta name=\"twitter:data1\" content=\"1\u00a0Minute\" \/>\n<script type=\"application\/ld+json\" class=\"yoast-schema-graph\">{\"@context\":\"https:\/\/schema.org\",\"@graph\":[{\"@type\":\"Organization\",\"@id\":\"http:\/\/fortuna-physiotherapie.de\/#organization\",\"name\":\"Fortuna Physiotherapie\",\"url\":\"http:\/\/fortuna-physiotherapie.de\/\",\"sameAs\":[],\"logo\":{\"@type\":\"ImageObject\",\"@id\":\"http:\/\/fortuna-physiotherapie.de\/#logo\",\"inLanguage\":\"de\",\"url\":\"http:\/\/fortuna-physiotherapie.de\/wp-content\/uploads\/2019\/09\/eder.png\",\"contentUrl\":\"http:\/\/fortuna-physiotherapie.de\/wp-content\/uploads\/2019\/09\/eder.png\",\"width\":405,\"height\":536,\"caption\":\"Fortuna Physiotherapie\"},\"image\":{\"@id\":\"http:\/\/fortuna-physiotherapie.de\/#logo\"}},{\"@type\":\"WebSite\",\"@id\":\"http:\/\/fortuna-physiotherapie.de\/#website\",\"url\":\"http:\/\/fortuna-physiotherapie.de\/\",\"name\":\"Fortuna Physiotherapie\",\"description\":\"\",\"publisher\":{\"@id\":\"http:\/\/fortuna-physiotherapie.de\/#organization\"},\"potentialAction\":[{\"@type\":\"SearchAction\",\"target\":{\"@type\":\"EntryPoint\",\"urlTemplate\":\"http:\/\/fortuna-physiotherapie.de\/?s={search_term_string}\"},\"query-input\":\"required name=search_term_string\"}],\"inLanguage\":\"de\"},{\"@type\":\"WebPage\",\"@id\":\"http:\/\/fortuna-physiotherapie.de\/#webpage\",\"url\":\"http:\/\/fortuna-physiotherapie.de\/\",\"name\":\"Vorwort\",\"isPartOf\":{\"@id\":\"http:\/\/fortuna-physiotherapie.de\/#website\"},\"datePublished\":\"2019-05-10T14:41:34+00:00\",\"dateModified\":\"2019-09-06T13:44:47+00:00\",\"description\":\"Physiotherapie Praxis Berlin Steglitz\",\"breadcrumb\":{\"@id\":\"http:\/\/fortuna-physiotherapie.de\/#breadcrumb\"},\"inLanguage\":\"de\",\"potentialAction\":[{\"@type\":\"ReadAction\",\"target\":[\"http:\/\/fortuna-physiotherapie.de\/\"]}]},{\"@type\":\"BreadcrumbList\",\"@id\":\"http:\/\/fortuna-physiotherapie.de\/#breadcrumb\",\"itemListElement\":[{\"@type\":\"ListItem\",\"position\":1,\"name\":\"Startseite\",\"item\":\"http:\/\/fortuna-physiotherapie.de\/\"},{\"@type\":\"ListItem\",\"position\":2,\"name\":\"Vorwort\"}]}]}<\/script>\n<!-- \/ Yoast SEO plugin. -->","yoast_head_json":{"title":"Vorwort","description":"Physiotherapie Praxis Berlin Steglitz","robots":{"index":"noindex","follow":"follow"},"og_locale":"de_DE","og_type":"article","og_title":"Vorwort","og_description":"Physiotherapie Praxis Berlin Steglitz","og_url":"http:\/\/fortuna-physiotherapie.de\/","og_site_name":"Fortuna Physiotherapie","article_modified_time":"2019-09-06T13:44:47+00:00","twitter_card":"summary_large_image","twitter_misc":{"Gesch\u00e4tzte Lesezeit":"1\u00a0Minute"},"schema":{"@context":"https:\/\/schema.org","@graph":[{"@type":"Organization","@id":"http:\/\/fortuna-physiotherapie.de\/#organization","name":"Fortuna Physiotherapie","url":"http:\/\/fortuna-physiotherapie.de\/","sameAs":[],"logo":{"@type":"ImageObject","@id":"http:\/\/fortuna-physiotherapie.de\/#logo","inLanguage":"de","url":"http:\/\/fortuna-physiotherapie.de\/wp-content\/uploads\/2019\/09\/eder.png","contentUrl":"http:\/\/fortuna-physiotherapie.de\/wp-content\/uploads\/2019\/09\/eder.png","width":405,"height":536,"caption":"Fortuna Physiotherapie"},"image":{"@id":"http:\/\/fortuna-physiotherapie.de\/#logo"}},{"@type":"WebSite","@id":"http:\/\/fortuna-physiotherapie.de\/#website","url":"http:\/\/fortuna-physiotherapie.de\/","name":"Fortuna Physiotherapie","description":"","publisher":{"@id":"http:\/\/fortuna-physiotherapie.de\/#organization"},"potentialAction":[{"@type":"SearchAction","target":{"@type":"EntryPoint","urlTemplate":"http:\/\/fortuna-physiotherapie.de\/?s={search_term_string}"},"query-input":"required name=search_term_string"}],"inLanguage":"de"},{"@type":"WebPage","@id":"http:\/\/fortuna-physiotherapie.de\/#webpage","url":"http:\/\/fortuna-physiotherapie.de\/","name":"Vorwort","isPartOf":{"@id":"http:\/\/fortuna-physiotherapie.de\/#website"},"datePublished":"2019-05-10T14:41:34+00:00","dateModified":"2019-09-06T13:44:47+00:00","description":"Physiotherapie Praxis Berlin Steglitz","breadcrumb":{"@id":"http:\/\/fortuna-physiotherapie.de\/#breadcrumb"},"inLanguage":"de","potentialAction":[{"@type":"ReadAction","target":["http:\/\/fortuna-physiotherapie.de\/"]}]},{"@type":"BreadcrumbList","@id":"http:\/\/fortuna-physiotherapie.de\/#breadcrumb","itemListElement":[{"@type":"ListItem","position":1,"name":"Startseite","item":"http:\/\/fortuna-physiotherapie.de\/"},{"@type":"ListItem","position":2,"name":"Vorwort"}]}]}},"_links":{"self":[{"href":"https:\/\/fortuna-physiotherapie.de\/index.php?rest_route=\/wp\/v2\/pages\/32","targetHints":{"allow":["GET"]}}],"collection":[{"href":"https:\/\/fortuna-physiotherapie.de\/index.php?rest_route=\/wp\/v2\/pages"}],"about":[{"href":"https:\/\/fortuna-physiotherapie.de\/index.php?rest_route=\/wp\/v2\/types\/page"}],"author":[{"embeddable":true,"href":"https:\/\/fortuna-physiotherapie.de\/index.php?rest_route=\/wp\/v2\/users\/1"}],"replies":[{"embeddable":true,"href":"https:\/\/fortuna-physiotherapie.de\/index.php?rest_route=%2Fwp%2Fv2%2Fcomments&post=32"}],"version-history":[{"count":7,"href":"https:\/\/fortuna-physiotherapie.de\/index.php?rest_route=\/wp\/v2\/pages\/32\/revisions"}],"predecessor-version":[{"id":113,"href":"https:\/\/fortuna-physiotherapie.de\/index.php?rest_route=\/wp\/v2\/pages\/32\/revisions\/113"}],"wp:attachment":[{"href":"https:\/\/fortuna-physiotherapie.de\/index.php?rest_route=%2Fwp%2Fv2%2Fmedia&parent=32"}],"curies":[{"name":"wp","href":"https:\/\/api.w.org\/{rel}","templated":true}]}}